{"id":9,"date":"2025-07-17T22:21:00","date_gmt":"2025-07-17T20:21:00","guid":{"rendered":"https:\/\/tonplat.com\/livraison\/?page_id=9"},"modified":"2026-02-27T03:53:06","modified_gmt":"2026-02-27T02:53:06","slug":"accueil","status":"publish","type":"page","link":"https:\/\/tonplat.com\/livraison\/","title":{"rendered":"Accueil"},"content":{"rendered":"\t\t<div data-elementor-type=\"wp-page\" data-elementor-id=\"9\" class=\"elementor elementor-9\" data-elementor-post-type=\"page\">\n\t\t\t\t<div class=\"wd-negative-gap elementor-element elementor-element-76a5e19 wd-section-stretch-content e-flex e-con-boxed e-con e-parent\" data-id=\"76a5e19\" data-element_type=\"container\" data-e-type=\"container\">\n\t\t\t\t\t<div class=\"e-con-inner\">\n\t\t<div class=\"elementor-element elementor-element-75d3fe3 e-con-full e-flex e-con e-child\" data-id=\"75d3fe3\" data-element_type=\"container\" data-e-type=\"container\">\n\t\t\t\t<div class=\"elementor-element elementor-element-6588ecc elementor-widget elementor-widget-heading\" data-id=\"6588ecc\" data-element_type=\"widget\" data-e-type=\"widget\" data-widget_type=\"heading.default\">\n\t\t\t\t\t<h2 class=\"elementor-heading-title elementor-size-default\">Livraison simple et Rapide<\/h2>\t\t\t\t<\/div>\n\t\t\t\t<div class=\"elementor-element elementor-element-2bab967 color-scheme-inherit text-left elementor-widget elementor-widget-text-editor\" data-id=\"2bab967\" data-element_type=\"widget\" data-e-type=\"widget\" data-widget_type=\"text-editor.default\">\n\t\t\t\t\t\t\t\t\t<p>Des livreurs ind\u00e9pendants disponibles \u00e0 tout moment pour vous. Livrez vos clients en un claquement de doigt.<\/p>\t\t\t\t\t\t\t\t<\/div>\n\t\t\t\t<div class=\"elementor-element elementor-element-e8d2394 elementor-align-center elementor-widget elementor-widget-button\" data-id=\"e8d2394\" data-element_type=\"widget\" data-e-type=\"widget\" data-widget_type=\"button.default\">\n\t\t\t\t\t\t\t\t\t\t<a class=\"elementor-button elementor-button-link elementor-size-sm\" href=\"\/livraison\/connexion\">\n\t\t\t\t\t\t<span class=\"elementor-button-content-wrapper\">\n\t\t\t\t\t\t<span class=\"elementor-button-icon\">\n\t\t\t\t<svg aria-hidden=\"true\" class=\"e-font-icon-svg e-fas-tachometer-alt\" viewBox=\"0 0 576 512\" xmlns=\"http:\/\/www.w3.org\/2000\/svg\"><path d=\"M288 32C128.94 32 0 160.94 0 320c0 52.8 14.25 102.26 39.06 144.8 5.61 9.62 16.3 15.2 27.44 15.2h443c11.14 0 21.83-5.58 27.44-15.2C561.75 422.26 576 372.8 576 320c0-159.06-128.94-288-288-288zm0 64c14.71 0 26.58 10.13 30.32 23.65-1.11 2.26-2.64 4.23-3.45 6.67l-9.22 27.67c-5.13 3.49-10.97 6.01-17.64 6.01-17.67 0-32-14.33-32-32S270.33 96 288 96zM96 384c-17.67 0-32-14.33-32-32s14.33-32 32-32 32 14.33 32 32-14.33 32-32 32zm48-160c-17.67 0-32-14.33-32-32s14.33-32 32-32 32 14.33 32 32-14.33 32-32 32zm246.77-72.41l-61.33 184C343.13 347.33 352 364.54 352 384c0 11.72-3.38 22.55-8.88 32H232.88c-5.5-9.45-8.88-20.28-8.88-32 0-33.94 26.5-61.43 59.9-63.59l61.34-184.01c4.17-12.56 17.73-19.45 30.36-15.17 12.57 4.19 19.35 17.79 15.17 30.36zm14.66 57.2l15.52-46.55c3.47-1.29 7.13-2.23 11.05-2.23 17.67 0 32 14.33 32 32s-14.33 32-32 32c-11.38-.01-20.89-6.28-26.57-15.22zM480 384c-17.67 0-32-14.33-32-32s14.33-32 32-32 32 14.33 32 32-14.33 32-32 32z\"><\/path><\/svg>\t\t\t<\/span>\n\t\t\t\t\t\t\t\t\t<span class=\"elementor-button-text\">Commencer<\/span>\n\t\t\t\t\t<\/span>\n\t\t\t\t\t<\/a>\n\t\t\t\t\t\t\t\t<\/div>\n\t\t\t\t<\/div>\n\t\t<div class=\"elementor-element elementor-element-bfcdcef e-con-full e-flex e-con e-child\" data-id=\"bfcdcef\" data-element_type=\"container\" data-e-type=\"container\">\n\t\t\t\t<div class=\"elementor-element elementor-element-74b5844 elementor-widget elementor-widget-image\" data-id=\"74b5844\" data-element_type=\"widget\" data-e-type=\"widget\" data-widget_type=\"image.default\">\n\t\t\t\t\t\t\t\t\t\t\t\t\t\t\t<img loading=\"lazy\" decoding=\"async\" width=\"499\" height=\"566\" src=\"https:\/\/tonplat.com\/livraison\/wp-content\/uploads\/sites\/2\/2025\/07\/Photo-de-notre-livreur-Restoo-e1749380977891.png\" class=\"attachment-full size-full wp-image-12\" alt=\"\" srcset=\"https:\/\/tonplat.com\/livraison\/wp-content\/uploads\/sites\/2\/2025\/07\/Photo-de-notre-livreur-Restoo-e1749380977891.png 499w, https:\/\/tonplat.com\/livraison\/wp-content\/uploads\/sites\/2\/2025\/07\/Photo-de-notre-livreur-Restoo-e1749380977891-264x300.png 264w\" sizes=\"auto, (max-width: 499px) 100vw, 499px\" \/>\t\t\t\t\t\t\t\t\t\t\t\t\t\t\t<\/div>\n\t\t\t\t<\/div>\n\t\t\t\t\t<\/div>\n\t\t\t\t<\/div>\n\t\t<div class=\"wd-negative-gap elementor-element elementor-element-e1bf591 e-flex e-con-boxed e-con e-parent\" data-id=\"e1bf591\" data-element_type=\"container\" data-e-type=\"container\">\n\t\t\t\t\t<div class=\"e-con-inner\">\n\t\t\t\t<div class=\"elementor-element elementor-element-f348be4 elementor-widget elementor-widget-heading\" data-id=\"f348be4\" data-element_type=\"widget\" data-e-type=\"widget\" data-widget_type=\"heading.default\">\n\t\t\t\t\t<h2 class=\"elementor-heading-title elementor-size-default\">Comment \u00e7a marche?<\/h2>\t\t\t\t<\/div>\n\t\t\t\t\t<\/div>\n\t\t\t\t<\/div>\n\t\t<div class=\"wd-negative-gap elementor-element elementor-element-57cc3ba e-flex e-con-boxed e-con e-parent\" data-id=\"57cc3ba\" data-element_type=\"container\" data-e-type=\"container\">\n\t\t\t\t\t<div class=\"e-con-inner\">\n\t\t<div class=\"elementor-element elementor-element-50d4e4e e-con-full e-flex e-con e-child\" data-id=\"50d4e4e\" data-element_type=\"container\" data-e-type=\"container\" data-settings=\"{&quot;background_background&quot;:&quot;classic&quot;}\">\n\t\t\t\t<div class=\"elementor-element elementor-element-d96fa9d elementor-widget elementor-widget-wd_infobox\" data-id=\"d96fa9d\" data-element_type=\"widget\" data-e-type=\"widget\" data-widget_type=\"wd_infobox.default\">\n\t\t\t\t<div class=\"elementor-widget-container\">\n\t\t\t\t\t\t\t<div class=\"info-box-wrapper\">\n\t\t\t<div class=\"wd-info-box text-center box-icon-align-top box-style-base color-scheme-\">\n\t\t\t\t\t\t\t\t\t<div class=\"box-icon-wrapper  box-with-icon box-icon-simple\">\n\t\t\t\t\t\t<div class=\"info-box-icon\">\n\t\t\t\t\t\t\t\t\t\t\t\t\t\t\t<img loading=\"lazy\" decoding=\"async\" width=\"150\" height=\"150\" src=\"https:\/\/tonplat.com\/livraison\/wp-content\/uploads\/sites\/2\/2025\/07\/food-150x150.png\" class=\"attachment-thumbnail size-thumbnail\" alt=\"\" srcset=\"https:\/\/tonplat.com\/livraison\/wp-content\/uploads\/sites\/2\/2025\/07\/food-150x150.png 150w, https:\/\/tonplat.com\/livraison\/wp-content\/uploads\/sites\/2\/2025\/07\/food.png 256w\" sizes=\"auto, (max-width: 150px) 100vw, 150px\" \/>\t\t\t\t\t\t\t\t\t\t\t\t\t<\/div>\n\t\t\t\t\t<\/div>\n\t\t\t\t\n\t\t\t\t<div class=\"info-box-content\">\n\t\t\t\t\t\n\t\t\t\t\t\t\t\t\t\t\t<h4\t\t\t\t\t\tclass=\"info-box-title title box-title-style-default wd-fontsize-m\" data-elementor-setting-key=\"title\">\n\t\t\t\t\t\t\t\tCr\u00e9ez\t\t\t\t\t\t<\/h4>\n\t\t\t\t\t\n\t\t\t\t\t<div class=\"info-box-inner reset-last-child\"data-elementor-setting-key=\"content\"><p>Cr\u00e9ez votre commande en ins\u00e9rant votre quartier de d\u00e9part et celui de la livraison<\/p>\n<\/div>\n\n\t\t\t\t\t\t\t\t\t<\/div>\n\n\t\t\t\t\t\t\t<\/div>\n\t\t<\/div>\n\t\t\t\t\t\t<\/div>\n\t\t\t\t<\/div>\n\t\t\t\t<\/div>\n\t\t<div class=\"elementor-element elementor-element-82b620d e-con-full e-flex e-con e-child\" data-id=\"82b620d\" data-element_type=\"container\" data-e-type=\"container\" data-settings=\"{&quot;background_background&quot;:&quot;classic&quot;}\">\n\t\t\t\t<div class=\"elementor-element elementor-element-6ccdbc4 elementor-widget elementor-widget-wd_infobox\" data-id=\"6ccdbc4\" data-element_type=\"widget\" data-e-type=\"widget\" data-widget_type=\"wd_infobox.default\">\n\t\t\t\t<div class=\"elementor-widget-container\">\n\t\t\t\t\t\t\t<div class=\"info-box-wrapper\">\n\t\t\t<div class=\"wd-info-box text-center box-icon-align-top box-style-base color-scheme-\">\n\t\t\t\t\t\t\t\t\t<div class=\"box-icon-wrapper  box-with-icon box-icon-simple\">\n\t\t\t\t\t\t<div class=\"info-box-icon\">\n\t\t\t\t\t\t\t\t\t\t\t\t\t\t\t<img loading=\"lazy\" decoding=\"async\" width=\"150\" height=\"150\" src=\"https:\/\/tonplat.com\/livraison\/wp-content\/uploads\/sites\/2\/2025\/07\/motorbike-1-150x150.png\" class=\"attachment-thumbnail size-thumbnail\" alt=\"\" srcset=\"https:\/\/tonplat.com\/livraison\/wp-content\/uploads\/sites\/2\/2025\/07\/motorbike-1-150x150.png 150w, https:\/\/tonplat.com\/livraison\/wp-content\/uploads\/sites\/2\/2025\/07\/motorbike-1.png 256w\" sizes=\"auto, (max-width: 150px) 100vw, 150px\" \/>\t\t\t\t\t\t\t\t\t\t\t\t\t<\/div>\n\t\t\t\t\t<\/div>\n\t\t\t\t\n\t\t\t\t<div class=\"info-box-content\">\n\t\t\t\t\t\n\t\t\t\t\t\t\t\t\t\t\t<h4\t\t\t\t\t\tclass=\"info-box-title title box-title-style-default wd-fontsize-m\" data-elementor-setting-key=\"title\">\n\t\t\t\t\t\t\t\tTrouvez\t\t\t\t\t\t<\/h4>\n\t\t\t\t\t\n\t\t\t\t\t<div class=\"info-box-inner reset-last-child\"data-elementor-setting-key=\"content\"><p>Rencontrez le livreur qui a accept\u00e9 votre commande et faites connaissance<\/p>\n<\/div>\n\n\t\t\t\t\t\t\t\t\t<\/div>\n\n\t\t\t\t\t\t\t<\/div>\n\t\t<\/div>\n\t\t\t\t\t\t<\/div>\n\t\t\t\t<\/div>\n\t\t\t\t<\/div>\n\t\t<div class=\"elementor-element elementor-element-225a115 e-con-full e-flex e-con e-child\" data-id=\"225a115\" data-element_type=\"container\" data-e-type=\"container\" data-settings=\"{&quot;background_background&quot;:&quot;classic&quot;}\">\n\t\t\t\t<div class=\"elementor-element elementor-element-47c7400 elementor-widget elementor-widget-wd_infobox\" data-id=\"47c7400\" data-element_type=\"widget\" data-e-type=\"widget\" data-widget_type=\"wd_infobox.default\">\n\t\t\t\t<div class=\"elementor-widget-container\">\n\t\t\t\t\t\t\t<div class=\"info-box-wrapper\">\n\t\t\t<div class=\"wd-info-box text-center box-icon-align-top box-style-base color-scheme-\">\n\t\t\t\t\t\t\t\t\t<div class=\"box-icon-wrapper  box-with-icon box-icon-simple\">\n\t\t\t\t\t\t<div class=\"info-box-icon\">\n\t\t\t\t\t\t\t\t\t\t\t\t\t\t\t<img loading=\"lazy\" decoding=\"async\" width=\"150\" height=\"150\" src=\"https:\/\/tonplat.com\/livraison\/wp-content\/uploads\/sites\/2\/2025\/07\/feedback-150x150.png\" class=\"attachment-thumbnail size-thumbnail\" alt=\"\" srcset=\"https:\/\/tonplat.com\/livraison\/wp-content\/uploads\/sites\/2\/2025\/07\/feedback-150x150.png 150w, https:\/\/tonplat.com\/livraison\/wp-content\/uploads\/sites\/2\/2025\/07\/feedback.png 256w\" sizes=\"auto, (max-width: 150px) 100vw, 150px\" \/>\t\t\t\t\t\t\t\t\t\t\t\t\t<\/div>\n\t\t\t\t\t<\/div>\n\t\t\t\t\n\t\t\t\t<div class=\"info-box-content\">\n\t\t\t\t\t\n\t\t\t\t\t\t\t\t\t\t\t<h4\t\t\t\t\t\tclass=\"info-box-title title box-title-style-default wd-fontsize-m\" data-elementor-setting-key=\"title\">\n\t\t\t\t\t\t\t\tNotez\t\t\t\t\t\t<\/h4>\n\t\t\t\t\t\n\t\t\t\t\t<div class=\"info-box-inner reset-last-child\"data-elementor-setting-key=\"content\"><p>Vous avez aim\u00e9 cette livraison? Notez la livraison et partagez l'application.<\/p>\n<\/div>\n\n\t\t\t\t\t\t\t\t\t<\/div>\n\n\t\t\t\t\t\t\t<\/div>\n\t\t<\/div>\n\t\t\t\t\t\t<\/div>\n\t\t\t\t<\/div>\n\t\t\t\t<\/div>\n\t\t\t\t\t<\/div>\n\t\t\t\t<\/div>\n\t\t<div class=\"wd-negative-gap elementor-element elementor-element-519c91f e-flex e-con-boxed e-con e-parent\" data-id=\"519c91f\" data-element_type=\"container\" data-e-type=\"container\">\n\t\t\t\t\t<div class=\"e-con-inner\">\n\t\t\t\t<div class=\"elementor-element elementor-element-0ddf7ff elementor-align-center elementor-widget elementor-widget-button\" data-id=\"0ddf7ff\" data-element_type=\"widget\" data-e-type=\"widget\" data-widget_type=\"button.default\">\n\t\t\t\t\t\t\t\t\t\t<a class=\"elementor-button elementor-button-link elementor-size-sm\" href=\"\/livraison\/connexion\">\n\t\t\t\t\t\t<span class=\"elementor-button-content-wrapper\">\n\t\t\t\t\t\t<span class=\"elementor-button-icon\">\n\t\t\t\t<svg aria-hidden=\"true\" class=\"e-font-icon-svg e-fas-tachometer-alt\" viewBox=\"0 0 576 512\" xmlns=\"http:\/\/www.w3.org\/2000\/svg\"><path d=\"M288 32C128.94 32 0 160.94 0 320c0 52.8 14.25 102.26 39.06 144.8 5.61 9.62 16.3 15.2 27.44 15.2h443c11.14 0 21.83-5.58 27.44-15.2C561.75 422.26 576 372.8 576 320c0-159.06-128.94-288-288-288zm0 64c14.71 0 26.58 10.13 30.32 23.65-1.11 2.26-2.64 4.23-3.45 6.67l-9.22 27.67c-5.13 3.49-10.97 6.01-17.64 6.01-17.67 0-32-14.33-32-32S270.33 96 288 96zM96 384c-17.67 0-32-14.33-32-32s14.33-32 32-32 32 14.33 32 32-14.33 32-32 32zm48-160c-17.67 0-32-14.33-32-32s14.33-32 32-32 32 14.33 32 32-14.33 32-32 32zm246.77-72.41l-61.33 184C343.13 347.33 352 364.54 352 384c0 11.72-3.38 22.55-8.88 32H232.88c-5.5-9.45-8.88-20.28-8.88-32 0-33.94 26.5-61.43 59.9-63.59l61.34-184.01c4.17-12.56 17.73-19.45 30.36-15.17 12.57 4.19 19.35 17.79 15.17 30.36zm14.66 57.2l15.52-46.55c3.47-1.29 7.13-2.23 11.05-2.23 17.67 0 32 14.33 32 32s-14.33 32-32 32c-11.38-.01-20.89-6.28-26.57-15.22zM480 384c-17.67 0-32-14.33-32-32s14.33-32 32-32 32 14.33 32 32-14.33 32-32 32z\"><\/path><\/svg>\t\t\t<\/span>\n\t\t\t\t\t\t\t\t\t<span class=\"elementor-button-text\">Commencer<\/span>\n\t\t\t\t\t<\/span>\n\t\t\t\t\t<\/a>\n\t\t\t\t\t\t\t\t<\/div>\n\t\t\t\t\t<\/div>\n\t\t\t\t<\/div>\n\t\t\t\t<\/div>\n\t\t","protected":false},"excerpt":{"rendered":"<p>Livraison simple et Rapide Des livreurs ind\u00e9pendants disponibles \u00e0 tout moment pour vous. Livrez vos clients en un claquement de<\/p>\n","protected":false},"author":1,"featured_media":0,"parent":0,"menu_order":0,"comment_status":"closed","ping_status":"closed","template":"","meta":{"footnotes":""},"class_list":["post-9","page","type-page","status-publish","hentry"],"yoast_head":"<!-- This site is optimized with the Yoast SEO Premium plugin v24.1 (Yoast SEO v27.1.1) - https:\/\/yoast.com\/product\/yoast-seo-premium-wordpress\/ -->\n<title>Accueil - TonPlat Livraison<\/title>\n<meta name=\"robots\" content=\"index, follow, max-snippet:-1, max-image-preview:large, max-video-preview:-1\" \/>\n<link rel=\"canonical\" href=\"https:\/\/tonplat.com\/livraison\/\" \/>\n<meta property=\"og:locale\" content=\"fr_FR\" \/>\n<meta property=\"og:type\" content=\"article\" \/>\n<meta property=\"og:title\" content=\"Accueil\" \/>\n<meta property=\"og:description\" content=\"Livraison simple et Rapide Des livreurs ind\u00e9pendants disponibles \u00e0 tout moment pour vous. Livrez vos clients en un claquement de\" \/>\n<meta property=\"og:url\" content=\"https:\/\/tonplat.com\/livraison\/\" \/>\n<meta property=\"og:site_name\" content=\"TonPlat Livraison\" \/>\n<meta property=\"article:modified_time\" content=\"2026-02-27T02:53:06+00:00\" \/>\n<meta property=\"og:image\" content=\"https:\/\/tonplat.com\/livraison\/wp-content\/uploads\/sites\/2\/2025\/07\/Photo-de-notre-livreur-Restoo-e1749380977891.png\" \/>\n<meta name=\"twitter:card\" content=\"summary_large_image\" \/>\n<meta name=\"twitter:label1\" content=\"Dur\u00e9e de lecture estim\u00e9e\" \/>\n\t<meta name=\"twitter:data1\" content=\"2 minutes\" \/>\n<script type=\"application\/ld+json\" class=\"yoast-schema-graph\">{\"@context\":\"https:\/\/schema.org\",\"@graph\":[{\"@type\":\"WebPage\",\"@id\":\"https:\/\/tonplat.com\/livraison\/\",\"url\":\"https:\/\/tonplat.com\/livraison\/\",\"name\":\"Accueil - TonPlat Livraison\",\"isPartOf\":{\"@id\":\"https:\/\/tonplat.com\/livraison\/#website\"},\"primaryImageOfPage\":{\"@id\":\"https:\/\/tonplat.com\/livraison\/#primaryimage\"},\"image\":{\"@id\":\"https:\/\/tonplat.com\/livraison\/#primaryimage\"},\"thumbnailUrl\":\"https:\/\/tonplat.com\/livraison\/wp-content\/uploads\/sites\/2\/2025\/07\/Photo-de-notre-livreur-Restoo-e1749380977891.png\",\"datePublished\":\"2025-07-17T20:21:00+00:00\",\"dateModified\":\"2026-02-27T02:53:06+00:00\",\"breadcrumb\":{\"@id\":\"https:\/\/tonplat.com\/livraison\/#breadcrumb\"},\"inLanguage\":\"fr-FR\",\"potentialAction\":[{\"@type\":\"ReadAction\",\"target\":[\"https:\/\/tonplat.com\/livraison\/\"]}]},{\"@type\":\"ImageObject\",\"inLanguage\":\"fr-FR\",\"@id\":\"https:\/\/tonplat.com\/livraison\/#primaryimage\",\"url\":\"https:\/\/tonplat.com\/livraison\/wp-content\/uploads\/sites\/2\/2025\/07\/Photo-de-notre-livreur-Restoo-e1749380977891.png\",\"contentUrl\":\"https:\/\/tonplat.com\/livraison\/wp-content\/uploads\/sites\/2\/2025\/07\/Photo-de-notre-livreur-Restoo-e1749380977891.png\",\"width\":499,\"height\":566},{\"@type\":\"BreadcrumbList\",\"@id\":\"https:\/\/tonplat.com\/livraison\/#breadcrumb\",\"itemListElement\":[{\"@type\":\"ListItem\",\"position\":1,\"name\":\"Accueil\",\"item\":\"https:\/\/tonplat.com\/livraison\/\"},{\"@type\":\"ListItem\",\"position\":2,\"name\":\"Accueil\"}]},{\"@type\":\"WebSite\",\"@id\":\"https:\/\/tonplat.com\/livraison\/#website\",\"url\":\"https:\/\/tonplat.com\/livraison\/\",\"name\":\"TonPlat Livraison\",\"description\":\"Pour plus de clients satisfaits\",\"potentialAction\":[{\"@type\":\"SearchAction\",\"target\":{\"@type\":\"EntryPoint\",\"urlTemplate\":\"https:\/\/tonplat.com\/livraison\/?s={search_term_string}\"},\"query-input\":{\"@type\":\"PropertyValueSpecification\",\"valueRequired\":true,\"valueName\":\"search_term_string\"}}],\"inLanguage\":\"fr-FR\"}]}<\/script>\n<!-- \/ Yoast SEO Premium plugin. -->","yoast_head_json":{"title":"Accueil - TonPlat Livraison","robots":{"index":"index","follow":"follow","max-snippet":"max-snippet:-1","max-image-preview":"max-image-preview:large","max-video-preview":"max-video-preview:-1"},"canonical":"https:\/\/tonplat.com\/livraison\/","og_locale":"fr_FR","og_type":"article","og_title":"Accueil","og_description":"Livraison simple et Rapide Des livreurs ind\u00e9pendants disponibles \u00e0 tout moment pour vous. Livrez vos clients en un claquement de","og_url":"https:\/\/tonplat.com\/livraison\/","og_site_name":"TonPlat Livraison","article_modified_time":"2026-02-27T02:53:06+00:00","og_image":[{"url":"https:\/\/tonplat.com\/livraison\/wp-content\/uploads\/sites\/2\/2025\/07\/Photo-de-notre-livreur-Restoo-e1749380977891.png","type":"","width":"","height":""}],"twitter_card":"summary_large_image","twitter_misc":{"Dur\u00e9e de lecture estim\u00e9e":"2 minutes"},"schema":{"@context":"https:\/\/schema.org","@graph":[{"@type":"WebPage","@id":"https:\/\/tonplat.com\/livraison\/","url":"https:\/\/tonplat.com\/livraison\/","name":"Accueil - TonPlat Livraison","isPartOf":{"@id":"https:\/\/tonplat.com\/livraison\/#website"},"primaryImageOfPage":{"@id":"https:\/\/tonplat.com\/livraison\/#primaryimage"},"image":{"@id":"https:\/\/tonplat.com\/livraison\/#primaryimage"},"thumbnailUrl":"https:\/\/tonplat.com\/livraison\/wp-content\/uploads\/sites\/2\/2025\/07\/Photo-de-notre-livreur-Restoo-e1749380977891.png","datePublished":"2025-07-17T20:21:00+00:00","dateModified":"2026-02-27T02:53:06+00:00","breadcrumb":{"@id":"https:\/\/tonplat.com\/livraison\/#breadcrumb"},"inLanguage":"fr-FR","potentialAction":[{"@type":"ReadAction","target":["https:\/\/tonplat.com\/livraison\/"]}]},{"@type":"ImageObject","inLanguage":"fr-FR","@id":"https:\/\/tonplat.com\/livraison\/#primaryimage","url":"https:\/\/tonplat.com\/livraison\/wp-content\/uploads\/sites\/2\/2025\/07\/Photo-de-notre-livreur-Restoo-e1749380977891.png","contentUrl":"https:\/\/tonplat.com\/livraison\/wp-content\/uploads\/sites\/2\/2025\/07\/Photo-de-notre-livreur-Restoo-e1749380977891.png","width":499,"height":566},{"@type":"BreadcrumbList","@id":"https:\/\/tonplat.com\/livraison\/#breadcrumb","itemListElement":[{"@type":"ListItem","position":1,"name":"Accueil","item":"https:\/\/tonplat.com\/livraison\/"},{"@type":"ListItem","position":2,"name":"Accueil"}]},{"@type":"WebSite","@id":"https:\/\/tonplat.com\/livraison\/#website","url":"https:\/\/tonplat.com\/livraison\/","name":"TonPlat Livraison","description":"Pour plus de clients satisfaits","potentialAction":[{"@type":"SearchAction","target":{"@type":"EntryPoint","urlTemplate":"https:\/\/tonplat.com\/livraison\/?s={search_term_string}"},"query-input":{"@type":"PropertyValueSpecification","valueRequired":true,"valueName":"search_term_string"}}],"inLanguage":"fr-FR"}]}},"_links":{"self":[{"href":"https:\/\/tonplat.com\/livraison\/wp-json\/wp\/v2\/pages\/9","targetHints":{"allow":["GET"]}}],"collection":[{"href":"https:\/\/tonplat.com\/livraison\/wp-json\/wp\/v2\/pages"}],"about":[{"href":"https:\/\/tonplat.com\/livraison\/wp-json\/wp\/v2\/types\/page"}],"author":[{"embeddable":true,"href":"https:\/\/tonplat.com\/livraison\/wp-json\/wp\/v2\/users\/1"}],"replies":[{"embeddable":true,"href":"https:\/\/tonplat.com\/livraison\/wp-json\/wp\/v2\/comments?post=9"}],"version-history":[{"count":139,"href":"https:\/\/tonplat.com\/livraison\/wp-json\/wp\/v2\/pages\/9\/revisions"}],"predecessor-version":[{"id":455,"href":"https:\/\/tonplat.com\/livraison\/wp-json\/wp\/v2\/pages\/9\/revisions\/455"}],"wp:attachment":[{"href":"https:\/\/tonplat.com\/livraison\/wp-json\/wp\/v2\/media?parent=9"}],"curies":[{"name":"wp","href":"https:\/\/api.w.org\/{rel}","templated":true}]}}