{"id":20,"date":"2025-07-17T22:28:56","date_gmt":"2025-07-17T20:28:56","guid":{"rendered":"https:\/\/tonplat.com\/livraison\/inscription_livreur\/"},"modified":"2025-07-17T23:32:47","modified_gmt":"2025-07-17T21:32:47","slug":"inscription_livreur","status":"publish","type":"page","link":"https:\/\/tonplat.com\/livraison\/inscription_livreur\/","title":{"rendered":"Inscription Livreur"},"content":{"rendered":"\t\t<div data-elementor-type=\"wp-page\" data-elementor-id=\"20\" class=\"elementor elementor-20\" data-elementor-post-type=\"page\">\n\t\t\t\t<div class=\"wd-negative-gap elementor-element elementor-element-7e66edc e-flex e-con-boxed e-con e-parent\" data-id=\"7e66edc\" data-element_type=\"container\" data-e-type=\"container\">\n\t\t\t\t\t<div class=\"e-con-inner\">\n\t\t\t\t<div class=\"elementor-element elementor-element-74c9df6 elementor-widget elementor-widget-heading\" data-id=\"74c9df6\" data-element_type=\"widget\" data-e-type=\"widget\" data-widget_type=\"heading.default\">\n\t\t\t\t\t<h2 class=\"elementor-heading-title elementor-size-default\">Inscription Livreur<\/h2>\t\t\t\t<\/div>\n\t\t\t\t\t<\/div>\n\t\t\t\t<\/div>\n\t\t<div class=\"elementor-element elementor-element-b3e61ef e-con-full e-flex e-con e-parent\" data-id=\"b3e61ef\" data-element_type=\"container\" data-e-type=\"container\">\n\t\t\t\t<div class=\"elementor-element elementor-element-81cb1f5 color-scheme-inherit text-left elementor-widget elementor-widget-text-editor\" data-id=\"81cb1f5\" data-element_type=\"widget\" data-e-type=\"widget\" data-widget_type=\"text-editor.default\">\n\t\t\t\t\t\t\t\t\t        <form id=\"soft-livreur-registration-form\" class=\"soft-livreur-form\" method=\"post\" enctype=\"multipart\/form-data\">\n            <input type=\"hidden\" id=\"sl_register_nonce\" name=\"sl_register_nonce\" value=\"6919942e68\" \/><input type=\"hidden\" name=\"_wp_http_referer\" value=\"\/livraison\/wp-json\/wp\/v2\/pages\/20\" \/>            <p><label for=\"sl_username\">Nom d&rsquo;utilisateur <span class=\"required\">*<\/span><\/label><input type=\"text\" name=\"sl_username\" id=\"sl_username\" value=\"\" required><\/p>\n            <p><label for=\"sl_email\">Adresse e-mail <span class=\"required\">*<\/span><\/label><input type=\"email\" name=\"sl_email\" id=\"sl_email\" value=\"\" required><\/p>\n            <p><label for=\"sl_password\">Mot de passe <span class=\"required\">*<\/span><\/label><input type=\"password\" name=\"sl_password\" id=\"sl_password\" required><\/p>\n            <p><label for=\"sl_first_name\">Pr\u00e9nom <span class=\"required\">*<\/span><\/label><input type=\"text\" name=\"sl_first_name\" id=\"sl_first_name\" value=\"\" required><\/p>\n            <p><label for=\"sl_last_name\">Nom <span class=\"required\">*<\/span><\/label><input type=\"text\" name=\"sl_last_name\" id=\"sl_last_name\" value=\"\" required><\/p>\n            <p><label for=\"sl_date_naissance\">Date de naissance<\/label><input type=\"date\" name=\"sl_date_naissance\" id=\"sl_date_naissance\" value=\"\"><\/p>\n            <p><label for=\"sl_numero_piece_identite\">Num\u00e9ro de pi\u00e8ce d&rsquo;identit\u00e9<\/label><input type=\"text\" name=\"sl_numero_piece_identite\" id=\"sl_numero_piece_identite\" value=\"\"><\/p>\n            <p><label for=\"sl_photo_piece_identite\">Photo de la pi\u00e8ce d&rsquo;identit\u00e9 (facultatif, max 2MB)<\/label><input type=\"file\" name=\"sl_photo_piece_identite\" id=\"sl_photo_piece_identite\" accept=\"image\/png, image\/jpeg, image\/gif\"><\/p>\n            <p><input type=\"submit\" name=\"sl_submit_registration\" value=\"S'inscrire\" class=\"button button-primary\"><\/p>\n        <\/form>\n        \t\t\t\t\t\t\t\t<\/div>\n\t\t\t\t<\/div>\n\t\t\t\t<\/div>\n\t\t","protected":false},"excerpt":{"rendered":"<p>Inscription Livreur<\/p>\n","protected":false},"author":1,"featured_media":0,"parent":0,"menu_order":0,"comment_status":"closed","ping_status":"closed","template":"","meta":{"footnotes":""},"class_list":["post-20","page","type-page","status-publish","hentry"],"yoast_head":"<!-- This site is optimized with the Yoast SEO Premium plugin v24.1 (Yoast SEO v27.1.1) - https:\/\/yoast.com\/product\/yoast-seo-premium-wordpress\/ -->\n<title>Inscription Livreur - TonPlat Livraison<\/title>\n<meta name=\"robots\" content=\"index, follow, max-snippet:-1, max-image-preview:large, max-video-preview:-1\" \/>\n<link rel=\"canonical\" href=\"https:\/\/tonplat.com\/livraison\/inscription_livreur\/\" \/>\n<meta property=\"og:locale\" content=\"fr_FR\" \/>\n<meta property=\"og:type\" content=\"article\" \/>\n<meta property=\"og:title\" content=\"Inscription Livreur\" \/>\n<meta property=\"og:description\" content=\"Inscription Livreur\" \/>\n<meta property=\"og:url\" content=\"https:\/\/tonplat.com\/livraison\/inscription_livreur\/\" \/>\n<meta property=\"og:site_name\" content=\"TonPlat Livraison\" \/>\n<meta property=\"article:modified_time\" content=\"2025-07-17T21:32:47+00:00\" \/>\n<meta name=\"twitter:card\" content=\"summary_large_image\" \/>\n<script type=\"application\/ld+json\" class=\"yoast-schema-graph\">{\"@context\":\"https:\/\/schema.org\",\"@graph\":[{\"@type\":\"WebPage\",\"@id\":\"https:\/\/tonplat.com\/livraison\/inscription_livreur\/\",\"url\":\"https:\/\/tonplat.com\/livraison\/inscription_livreur\/\",\"name\":\"Inscription Livreur - TonPlat Livraison\",\"isPartOf\":{\"@id\":\"https:\/\/tonplat.com\/livraison\/#website\"},\"datePublished\":\"2025-07-17T20:28:56+00:00\",\"dateModified\":\"2025-07-17T21:32:47+00:00\",\"breadcrumb\":{\"@id\":\"https:\/\/tonplat.com\/livraison\/inscription_livreur\/#breadcrumb\"},\"inLanguage\":\"fr-FR\",\"potentialAction\":[{\"@type\":\"ReadAction\",\"target\":[\"https:\/\/tonplat.com\/livraison\/inscription_livreur\/\"]}]},{\"@type\":\"BreadcrumbList\",\"@id\":\"https:\/\/tonplat.com\/livraison\/inscription_livreur\/#breadcrumb\",\"itemListElement\":[{\"@type\":\"ListItem\",\"position\":1,\"name\":\"Accueil\",\"item\":\"https:\/\/tonplat.com\/livraison\/\"},{\"@type\":\"ListItem\",\"position\":2,\"name\":\"Inscription Livreur\"}]},{\"@type\":\"WebSite\",\"@id\":\"https:\/\/tonplat.com\/livraison\/#website\",\"url\":\"https:\/\/tonplat.com\/livraison\/\",\"name\":\"TonPlat Livraison\",\"description\":\"Pour plus de clients satisfaits\",\"potentialAction\":[{\"@type\":\"SearchAction\",\"target\":{\"@type\":\"EntryPoint\",\"urlTemplate\":\"https:\/\/tonplat.com\/livraison\/?s={search_term_string}\"},\"query-input\":{\"@type\":\"PropertyValueSpecification\",\"valueRequired\":true,\"valueName\":\"search_term_string\"}}],\"inLanguage\":\"fr-FR\"}]}<\/script>\n<!-- \/ Yoast SEO Premium plugin. -->","yoast_head_json":{"title":"Inscription Livreur - TonPlat Livraison","robots":{"index":"index","follow":"follow","max-snippet":"max-snippet:-1","max-image-preview":"max-image-preview:large","max-video-preview":"max-video-preview:-1"},"canonical":"https:\/\/tonplat.com\/livraison\/inscription_livreur\/","og_locale":"fr_FR","og_type":"article","og_title":"Inscription Livreur","og_description":"Inscription Livreur","og_url":"https:\/\/tonplat.com\/livraison\/inscription_livreur\/","og_site_name":"TonPlat Livraison","article_modified_time":"2025-07-17T21:32:47+00:00","twitter_card":"summary_large_image","schema":{"@context":"https:\/\/schema.org","@graph":[{"@type":"WebPage","@id":"https:\/\/tonplat.com\/livraison\/inscription_livreur\/","url":"https:\/\/tonplat.com\/livraison\/inscription_livreur\/","name":"Inscription Livreur - TonPlat Livraison","isPartOf":{"@id":"https:\/\/tonplat.com\/livraison\/#website"},"datePublished":"2025-07-17T20:28:56+00:00","dateModified":"2025-07-17T21:32:47+00:00","breadcrumb":{"@id":"https:\/\/tonplat.com\/livraison\/inscription_livreur\/#breadcrumb"},"inLanguage":"fr-FR","potentialAction":[{"@type":"ReadAction","target":["https:\/\/tonplat.com\/livraison\/inscription_livreur\/"]}]},{"@type":"BreadcrumbList","@id":"https:\/\/tonplat.com\/livraison\/inscription_livreur\/#breadcrumb","itemListElement":[{"@type":"ListItem","position":1,"name":"Accueil","item":"https:\/\/tonplat.com\/livraison\/"},{"@type":"ListItem","position":2,"name":"Inscription Livreur"}]},{"@type":"WebSite","@id":"https:\/\/tonplat.com\/livraison\/#website","url":"https:\/\/tonplat.com\/livraison\/","name":"TonPlat Livraison","description":"Pour plus de clients satisfaits","potentialAction":[{"@type":"SearchAction","target":{"@type":"EntryPoint","urlTemplate":"https:\/\/tonplat.com\/livraison\/?s={search_term_string}"},"query-input":{"@type":"PropertyValueSpecification","valueRequired":true,"valueName":"search_term_string"}}],"inLanguage":"fr-FR"}]}},"_links":{"self":[{"href":"https:\/\/tonplat.com\/livraison\/wp-json\/wp\/v2\/pages\/20","targetHints":{"allow":["GET"]}}],"collection":[{"href":"https:\/\/tonplat.com\/livraison\/wp-json\/wp\/v2\/pages"}],"about":[{"href":"https:\/\/tonplat.com\/livraison\/wp-json\/wp\/v2\/types\/page"}],"author":[{"embeddable":true,"href":"https:\/\/tonplat.com\/livraison\/wp-json\/wp\/v2\/users\/1"}],"replies":[{"embeddable":true,"href":"https:\/\/tonplat.com\/livraison\/wp-json\/wp\/v2\/comments?post=20"}],"version-history":[{"count":17,"href":"https:\/\/tonplat.com\/livraison\/wp-json\/wp\/v2\/pages\/20\/revisions"}],"predecessor-version":[{"id":456,"href":"https:\/\/tonplat.com\/livraison\/wp-json\/wp\/v2\/pages\/20\/revisions\/456"}],"wp:attachment":[{"href":"https:\/\/tonplat.com\/livraison\/wp-json\/wp\/v2\/media?parent=20"}],"curies":[{"name":"wp","href":"https:\/\/api.w.org\/{rel}","templated":true}]}}